{"id":10,"date":"2016-03-13T13:52:42","date_gmt":"2016-03-13T11:52:42","guid":{"rendered":"http:\/\/www.soundj\u00e4ger.de\/?page_id=10"},"modified":"2018-05-24T22:11:01","modified_gmt":"2018-05-24T20:11:01","slug":"impressum","status":"publish","type":"page","link":"https:\/\/www.soundj\u00e4ger.de\/?page_id=10","title":{"rendered":"Impressum"},"content":{"rendered":"<p>Ronald Jenkner &#8211; Audio Engineer<\/p>\n<p>Sommerh\u00e4userstra\u00dfe 8A<br \/>\nD &#8211; 97199 Ochsenfurt \/ Erlach<\/p>\n<p>Telefon +49 (0)9331-9800388<br \/>\nMobil 01636786389<br \/>\nMail mail@ronermusic.de oder info@ronerpictures.de<\/p>\n<p>St.Nr. &#8211; 257\/233\/20065<br \/>\nSteuer ID &#8211; 94 015 739 525<\/p>\n<p>SOUNDJ\u00c4GER ist alleinige Inhaber, der auf dieser Website erhobenen Informationen. Wir erheben nur Informationen, die uns helfen, den Service f\u00fcr Sie zu verbessern. Die Informationen werden nicht &#8211; ohne Ihr Einverst\u00e4ndnis &#8211; ver\u00e4u\u00dfert, oder auf eine andere Weise, die nicht durch diese Erkl\u00e4rung ausgeschlossen ist, an andere weitergegeben, au\u00dfer wenn wir dies in gutem Glauben aus gesetzlichen Gr\u00fcnden f\u00fcr notwendig halten, oder wenn es notwendig ist, die Rechte und das Eigentum von, SOUNDJ\u00c4GER zu wahren, oder wenn die pers\u00f6nliche Sicherheit von Freunden und Partnern oder der \u00d6ffentlichkeit gef\u00e4hrdet ist.<\/p>\n<p>&nbsp;<\/p>\n","protected":false},"excerpt":{"rendered":"<p>Ronald Jenkner &#8211; Audio Engineer Sommerh\u00e4userstra\u00dfe 8A D &#8211; 97199 Ochsenfurt \/ Erlach Telefon +49 (0)9331-9800388 Mobil 01636786389 Mail mail@ronermusic.de oder info@ronerpictures.de St.Nr. &#8211; 257\/233\/20065 Steuer ID &#8211; 94 015 739 525 SOUNDJ\u00c4GER ist alleinige Inhaber, der auf dieser Website erhobenen Informationen. Wir erheben nur Informationen, die uns helfen, den Service f\u00fcr Sie zu verbessern. [&hellip;]<\/p>\n","protected":false},"author":1,"featured_media":0,"parent":0,"menu_order":0,"comment_status":"closed","ping_status":"closed","template":"","meta":[],"_links":{"self":[{"href":"https:\/\/www.soundj\u00e4ger.de\/index.php?rest_route=\/wp\/v2\/pages\/10"}],"collection":[{"href":"https:\/\/www.soundj\u00e4ger.de\/index.php?rest_route=\/wp\/v2\/pages"}],"about":[{"href":"https:\/\/www.soundj\u00e4ger.de\/index.php?rest_route=\/wp\/v2\/types\/page"}],"author":[{"embeddable":true,"href":"https:\/\/www.soundj\u00e4ger.de\/index.php?rest_route=\/wp\/v2\/users\/1"}],"replies":[{"embeddable":true,"href":"https:\/\/www.soundj\u00e4ger.de\/index.php?rest_route=%2Fwp%2Fv2%2Fcomments&post=10"}],"version-history":[{"count":8,"href":"https:\/\/www.soundj\u00e4ger.de\/index.php?rest_route=\/wp\/v2\/pages\/10\/revisions"}],"predecessor-version":[{"id":115,"href":"https:\/\/www.soundj\u00e4ger.de\/index.php?rest_route=\/wp\/v2\/pages\/10\/revisions\/115"}],"wp:attachment":[{"href":"https:\/\/www.soundj\u00e4ger.de\/index.php?rest_route=%2Fwp%2Fv2%2Fmedia&parent=10"}],"curies":[{"name":"wp","href":"https:\/\/api.w.org\/{rel}","templated":true}]}}