{"id":95,"date":"2018-04-29T11:12:24","date_gmt":"2018-04-29T09:12:24","guid":{"rendered":"http:\/\/www.soundj\u00e4ger.de\/?page_id=95"},"modified":"2019-03-19T09:07:32","modified_gmt":"2019-03-19T07:07:32","slug":"aktuelles","status":"publish","type":"page","link":"https:\/\/www.soundj\u00e4ger.de\/","title":{"rendered":"Aktuelles"},"content":{"rendered":"<h4>Hier findet Ihr aktuelle Projekte der Soundj\u00e4gerdas w\u00e4re sch\u00f6n<\/h4>\n","protected":false},"excerpt":{"rendered":"<p>Hier findet Ihr aktuelle Projekte der Soundj\u00e4gerdas w\u00e4re sch\u00f6n<\/p>\n","protected":false},"author":1,"featured_media":0,"parent":0,"menu_order":0,"comment_status":"closed","ping_status":"closed","template":"","meta":[],"_links":{"self":[{"href":"https:\/\/www.soundj\u00e4ger.de\/index.php?rest_route=\/wp\/v2\/pages\/95"}],"collection":[{"href":"https:\/\/www.soundj\u00e4ger.de\/index.php?rest_route=\/wp\/v2\/pages"}],"about":[{"href":"https:\/\/www.soundj\u00e4ger.de\/index.php?rest_route=\/wp\/v2\/types\/page"}],"author":[{"embeddable":true,"href":"https:\/\/www.soundj\u00e4ger.de\/index.php?rest_route=\/wp\/v2\/users\/1"}],"replies":[{"embeddable":true,"href":"https:\/\/www.soundj\u00e4ger.de\/index.php?rest_route=%2Fwp%2Fv2%2Fcomments&post=95"}],"version-history":[{"count":4,"href":"https:\/\/www.soundj\u00e4ger.de\/index.php?rest_route=\/wp\/v2\/pages\/95\/revisions"}],"predecessor-version":[{"id":680,"href":"https:\/\/www.soundj\u00e4ger.de\/index.php?rest_route=\/wp\/v2\/pages\/95\/revisions\/680"}],"wp:attachment":[{"href":"https:\/\/www.soundj\u00e4ger.de\/index.php?rest_route=%2Fwp%2Fv2%2Fmedia&parent=95"}],"curies":[{"name":"wp","href":"https:\/\/api.w.org\/{rel}","templated":true}]}}